{"id":188,"date":"2021-07-20T08:37:31","date_gmt":"2021-07-20T06:37:31","guid":{"rendered":"https:\/\/www.magicmountain.de\/widerrufsbelehrung\/"},"modified":"2021-12-14T09:40:25","modified_gmt":"2021-12-14T08:40:25","slug":"right-of-withdrawal","status":"publish","type":"page","link":"https:\/\/www.magicmountain.de\/en\/right-of-withdrawal\/","title":{"rendered":"Right of withdrawal"},"content":{"rendered":"\n<p><strong>Widerrufsrecht des Kunden als Verbraucher:<\/strong><\/p>\n\n\n\n<p><strong>Widerrufsrecht f\u00fcr Verbraucher<\/strong><\/p>\n\n\n\n<p>Verbrauchern steht ein Widerrufsrecht nach folgender Ma\u00dfgabe zu, wobei Verbraucher jede nat\u00fcrliche Person ist, die ein Rechtsgesch\u00e4ft zu Zwecken abschlie\u00dft, die \u00fcberwiegend weder ihrer gewerblichen noch ihrer selbst\u00e4ndigen beruflichen T\u00e4tigkeit zugerechnet werden k\u00f6nnen:<\/p>\n\n\n\n<p><br><strong>Widerrufsbelehrung<\/strong><\/p>\n\n\n\n<p><strong>Widerrufsrecht<\/strong><\/p>\n\n\n\n<p>Sie haben das Recht, binnen 14 Tagen ohne Angabe von Gr\u00fcnden diesen Vertrag zu widerrufen.<\/p>\n\n\n\n<p>Die Widerrufsfrist betr\u00e4gt 14 Tage ab dem Tag, an dem Sie oder ein von Ihnen benannter Dritter, der nicht der Bef\u00f6rderer ist, die Waren in Besitz genommen haben bzw. hat.<\/p>\n\n\n\n<p>Um Ihr Widerrufsrecht auszu\u00fcben, m\u00fcssen Sie uns<\/p>\n\n\n\n<p><strong>Magic Mountain Kletterhallen GmbH<\/strong><br>B\u00f6ttgerstr. 20<br>13357 Berlin<\/p>\n\n\n\n<p>info@magicmountain.de<\/p>\n\n\n\n<p>Tel.: 0049 (0)30 887 15 79 0<br>Fax 0049 (0)30 887 15 79 15<\/p>\n\n\n\n<p>mittels einer eindeutigen Erkl\u00e4rung (z.B. ein mit der Post versandter Brief, Telefax oder E-Mail) \u00fcber Ihren Entschluss, diesen Vertrag zu widerrufen, informieren. Sie k\u00f6nnen daf\u00fcr das beigef\u00fcgte Muster-Widerrufsformular verwenden, das jedoch nicht vorgeschrieben ist. Wir werden Ihnen unverz\u00fcglich (z. B. per E-Mail) eine Best\u00e4tigung \u00fcber den Eingang eines solchen Widerrufs \u00fcbermitteln.<\/p>\n\n\n\n<p>Zur Wahrung der Widerrufsfrist reicht es aus, dass Sie die Mitteilung \u00fcber die Aus\u00fcbung des Widerrufsrechts vor Ablauf der Widerrufsfrist absenden.<\/p>\n\n\n\n<p><br><strong>Folgen des Widerrufs<\/strong><\/p>\n\n\n\n<p>Wenn Sie diesen Vertrag widerrufen, haben wir Ihnen alle Zahlungen, die wir von Ihnen erhalten haben, einschlie\u00dflich der Lieferkosten (mit Ausnahme der zus\u00e4tzlichen Kosten, die sich daraus ergeben, dass Sie eine andere Art der Lieferung als die von uns angebotene, g\u00fcnstigste Standardlieferung gew\u00e4hlt haben), unverz\u00fcglich und sp\u00e4testens binnen 14 Tagen ab dem Tag zur\u00fcckzuzahlen, an dem die Mitteilung \u00fcber Ihren Widerruf dieses Vertrags bei uns eingegangen ist. F\u00fcr diese R\u00fcckzahlung verwenden wir dasselbe Zahlungsmittel, das Sie bei der urspr\u00fcnglichen Transaktion eingesetzt haben, es sei denn, mit Ihnen wurde ausdr\u00fccklich etwas anderes vereinbart. In keinem Fall werden Ihnen wegen dieser R\u00fcckzahlung Entgelte berechnet.<\/p>\n\n\n\n<p>Wir k\u00f6nnen die R\u00fcckzahlung verweigern, bis wir die Waren wieder zur\u00fcckerhalten haben oder bis Sie den Nachweis erbracht haben, dass Sie die Waren zur\u00fcckgesandt haben, je nachdem, welches der fr\u00fchere Zeitpunkt ist.<\/p>\n\n\n\n<p>Sie haben die Waren unverz\u00fcglich und in jedem Fall sp\u00e4testens binnen 14 Tagen ab dem Tag, an dem Sie uns \u00fcber den Widerruf dieses Vertrags unterrichten, an uns zur\u00fcckzusenden oder zu \u00fcbergeben. Die Frist ist gewahrt, wenn Sie die Waren vor Ablauf der Frist von 14 Tagen absenden. Sie tragen die unmittelbaren Kosten der R\u00fccksendung der Waren.<\/p>\n\n\n\n<p><strong>Ausschluss des Widerrufsrechts<\/strong><\/p>\n\n\n\n<p>Gem\u00e4\u00df \u00a7 312g Abs. 2 Nr. 9 BGB besteht ein Widerrufsrecht nicht bei Vertr\u00e4gen zur Erbringung von Dienstleistungen im Zusammenhang mit Freizeitbesch\u00e4ftigungen, wenn der Vertrag f\u00fcr die Erbringungen einen spezifischen Termin oder Zeitraum vorsieht. Das Widerrufsrecht ist daher bei Vertr\u00e4gen ausgeschlossen, die den Verkauf von Gutscheinen oder Tickets f\u00fcr termingebundene Freizeitveranstaltungen zum Gegenstand haben.<\/p>\n\n\n\n<p><br><strong>Ende der Widerrufsbelehrung<\/strong><\/p>\n\n\n\n<div style=\"height:30px\" aria-hidden=\"true\" class=\"wp-block-spacer\"><\/div>\n\n\n\n<div class=\"wp-block-buttons is-layout-flex wp-block-buttons-is-layout-flex\">\n<div class=\"wp-block-button\"><a class=\"wp-block-button__link has-dark-blue-background-color has-background\" href=\"https:\/\/www.magicmountain.de\/wp-content\/uploads\/2021\/11\/widerrufsformular.pdf\" target=\"_blank\" rel=\"noreferrer noopener\">Widerrufsformular Download<\/a><\/div>\n<\/div>\n","protected":false},"excerpt":{"rendered":"<p>Widerrufsrecht des Kunden als Verbraucher: Widerrufsrecht f\u00fcr Verbraucher Verbrauchern steht ein Widerrufsrecht nach folgender Ma\u00dfgabe zu, wobei Verbraucher jede nat\u00fcrliche Person ist, die ein Rechtsgesch\u00e4ft zu Zwecken abschlie\u00dft, die \u00fcberwiegend&#8230;<\/p>\n","protected":false},"author":1,"featured_media":0,"parent":0,"menu_order":2500,"comment_status":"closed","ping_status":"closed","template":"","meta":{"_acf_changed":false,"footnotes":""},"class_list":["post-188","page","type-page","status-publish","hentry"],"acf":[],"yoast_head":"<!-- This site is optimized with the Yoast SEO plugin v27.3 - https:\/\/yoast.com\/product\/yoast-seo-wordpress\/ -->\n<title>Right of withdrawal - EN Magic Mountain<\/title>\n<meta name=\"robots\" content=\"index, follow, max-snippet:-1, max-image-preview:large, max-video-preview:-1\" \/>\n<link rel=\"canonical\" href=\"https:\/\/www.magicmountain.de\/en\/right-of-withdrawal\/\" \/>\n<meta property=\"og:locale\" content=\"en_US\" \/>\n<meta property=\"og:type\" content=\"article\" \/>\n<meta property=\"og:title\" content=\"Right of withdrawal - EN Magic Mountain\" \/>\n<meta property=\"og:description\" content=\"Widerrufsrecht des Kunden als Verbraucher: Widerrufsrecht f\u00fcr Verbraucher Verbrauchern steht ein Widerrufsrecht nach folgender Ma\u00dfgabe zu, wobei Verbraucher jede nat\u00fcrliche Person ist, die ein Rechtsgesch\u00e4ft zu Zwecken abschlie\u00dft, die \u00fcberwiegend...\" \/>\n<meta property=\"og:url\" content=\"https:\/\/www.magicmountain.de\/en\/right-of-withdrawal\/\" \/>\n<meta property=\"og:site_name\" content=\"EN Magic Mountain\" \/>\n<meta property=\"article:modified_time\" content=\"2021-12-14T08:40:25+00:00\" \/>\n<meta name=\"twitter:card\" content=\"summary_large_image\" \/>\n<meta name=\"twitter:label1\" content=\"Est. reading time\" \/>\n\t<meta name=\"twitter:data1\" content=\"2 minutes\" \/>\n<script type=\"application\/ld+json\" class=\"yoast-schema-graph\">{\"@context\":\"https:\\\/\\\/schema.org\",\"@graph\":[{\"@type\":\"WebPage\",\"@id\":\"https:\\\/\\\/www.magicmountain.de\\\/en\\\/right-of-withdrawal\\\/\",\"url\":\"https:\\\/\\\/www.magicmountain.de\\\/en\\\/right-of-withdrawal\\\/\",\"name\":\"Right of withdrawal - EN Magic Mountain\",\"isPartOf\":{\"@id\":\"https:\\\/\\\/www.magicmountain.de\\\/en\\\/#website\"},\"datePublished\":\"2021-07-20T06:37:31+00:00\",\"dateModified\":\"2021-12-14T08:40:25+00:00\",\"breadcrumb\":{\"@id\":\"https:\\\/\\\/www.magicmountain.de\\\/en\\\/right-of-withdrawal\\\/#breadcrumb\"},\"inLanguage\":\"en-US\",\"potentialAction\":[{\"@type\":\"ReadAction\",\"target\":[\"https:\\\/\\\/www.magicmountain.de\\\/en\\\/right-of-withdrawal\\\/\"]}]},{\"@type\":\"BreadcrumbList\",\"@id\":\"https:\\\/\\\/www.magicmountain.de\\\/en\\\/right-of-withdrawal\\\/#breadcrumb\",\"itemListElement\":[{\"@type\":\"ListItem\",\"position\":1,\"name\":\"Startseite\",\"item\":\"https:\\\/\\\/www.magicmountain.de\\\/en\\\/\"},{\"@type\":\"ListItem\",\"position\":2,\"name\":\"Right of withdrawal\"}]},{\"@type\":\"WebSite\",\"@id\":\"https:\\\/\\\/www.magicmountain.de\\\/en\\\/#website\",\"url\":\"https:\\\/\\\/www.magicmountain.de\\\/en\\\/\",\"name\":\"EN Magic Mountain\",\"description\":\"\",\"potentialAction\":[{\"@type\":\"SearchAction\",\"target\":{\"@type\":\"EntryPoint\",\"urlTemplate\":\"https:\\\/\\\/www.magicmountain.de\\\/en\\\/?s={search_term_string}\"},\"query-input\":{\"@type\":\"PropertyValueSpecification\",\"valueRequired\":true,\"valueName\":\"search_term_string\"}}],\"inLanguage\":\"en-US\"}]}<\/script>\n<!-- \/ Yoast SEO plugin. -->","yoast_head_json":{"title":"Right of withdrawal - EN Magic Mountain","robots":{"index":"index","follow":"follow","max-snippet":"max-snippet:-1","max-image-preview":"max-image-preview:large","max-video-preview":"max-video-preview:-1"},"canonical":"https:\/\/www.magicmountain.de\/en\/right-of-withdrawal\/","og_locale":"en_US","og_type":"article","og_title":"Right of withdrawal - EN Magic Mountain","og_description":"Widerrufsrecht des Kunden als Verbraucher: Widerrufsrecht f\u00fcr Verbraucher Verbrauchern steht ein Widerrufsrecht nach folgender Ma\u00dfgabe zu, wobei Verbraucher jede nat\u00fcrliche Person ist, die ein Rechtsgesch\u00e4ft zu Zwecken abschlie\u00dft, die \u00fcberwiegend...","og_url":"https:\/\/www.magicmountain.de\/en\/right-of-withdrawal\/","og_site_name":"EN Magic Mountain","article_modified_time":"2021-12-14T08:40:25+00:00","twitter_card":"summary_large_image","twitter_misc":{"Est. reading time":"2 minutes"},"schema":{"@context":"https:\/\/schema.org","@graph":[{"@type":"WebPage","@id":"https:\/\/www.magicmountain.de\/en\/right-of-withdrawal\/","url":"https:\/\/www.magicmountain.de\/en\/right-of-withdrawal\/","name":"Right of withdrawal - EN Magic Mountain","isPartOf":{"@id":"https:\/\/www.magicmountain.de\/en\/#website"},"datePublished":"2021-07-20T06:37:31+00:00","dateModified":"2021-12-14T08:40:25+00:00","breadcrumb":{"@id":"https:\/\/www.magicmountain.de\/en\/right-of-withdrawal\/#breadcrumb"},"inLanguage":"en-US","potentialAction":[{"@type":"ReadAction","target":["https:\/\/www.magicmountain.de\/en\/right-of-withdrawal\/"]}]},{"@type":"BreadcrumbList","@id":"https:\/\/www.magicmountain.de\/en\/right-of-withdrawal\/#breadcrumb","itemListElement":[{"@type":"ListItem","position":1,"name":"Startseite","item":"https:\/\/www.magicmountain.de\/en\/"},{"@type":"ListItem","position":2,"name":"Right of withdrawal"}]},{"@type":"WebSite","@id":"https:\/\/www.magicmountain.de\/en\/#website","url":"https:\/\/www.magicmountain.de\/en\/","name":"EN Magic Mountain","description":"","potentialAction":[{"@type":"SearchAction","target":{"@type":"EntryPoint","urlTemplate":"https:\/\/www.magicmountain.de\/en\/?s={search_term_string}"},"query-input":{"@type":"PropertyValueSpecification","valueRequired":true,"valueName":"search_term_string"}}],"inLanguage":"en-US"}]}},"_links":{"self":[{"href":"https:\/\/www.magicmountain.de\/en\/wp-json\/wp\/v2\/pages\/188","targetHints":{"allow":["GET"]}}],"collection":[{"href":"https:\/\/www.magicmountain.de\/en\/wp-json\/wp\/v2\/pages"}],"about":[{"href":"https:\/\/www.magicmountain.de\/en\/wp-json\/wp\/v2\/types\/page"}],"author":[{"embeddable":true,"href":"https:\/\/www.magicmountain.de\/en\/wp-json\/wp\/v2\/users\/1"}],"replies":[{"embeddable":true,"href":"https:\/\/www.magicmountain.de\/en\/wp-json\/wp\/v2\/comments?post=188"}],"version-history":[{"count":1,"href":"https:\/\/www.magicmountain.de\/en\/wp-json\/wp\/v2\/pages\/188\/revisions"}],"predecessor-version":[{"id":15634,"href":"https:\/\/www.magicmountain.de\/en\/wp-json\/wp\/v2\/pages\/188\/revisions\/15634"}],"wp:attachment":[{"href":"https:\/\/www.magicmountain.de\/en\/wp-json\/wp\/v2\/media?parent=188"}],"curies":[{"name":"wp","href":"https:\/\/api.w.org\/{rel}","templated":true}]}}