{"id":15730,"date":"2022-05-02T12:08:50","date_gmt":"2022-05-02T10:08:50","guid":{"rendered":"https:\/\/www.magicmountain.de\/en\/?page_id=15730"},"modified":"2023-02-02T11:52:46","modified_gmt":"2023-02-02T10:52:46","slug":"booking-technique-training","status":"publish","type":"page","link":"https:\/\/www.magicmountain.de\/en\/climbing\/adults\/booking-technique-training\/","title":{"rendered":"Technique Training"},"content":{"rendered":"\n<figure class=\"wp-block-image alignfull size-large\"><img loading=\"lazy\" decoding=\"async\" width=\"1024\" height=\"160\" src=\"https:\/\/www.magicmountain.de\/en\/wp-content\/uploads\/sites\/2\/2021\/10\/magic-mountain-kletterhale-header-020-1024x160.jpg\" alt=\"\" class=\"wp-image-14536\" srcset=\"https:\/\/www.magicmountain.de\/en\/wp-content\/uploads\/sites\/2\/2021\/10\/magic-mountain-kletterhale-header-020-1024x160.jpg 1024w, https:\/\/www.magicmountain.de\/en\/wp-content\/uploads\/sites\/2\/2021\/10\/magic-mountain-kletterhale-header-020-300x47.jpg 300w, https:\/\/www.magicmountain.de\/en\/wp-content\/uploads\/sites\/2\/2021\/10\/magic-mountain-kletterhale-header-020-768x120.jpg 768w, https:\/\/www.magicmountain.de\/en\/wp-content\/uploads\/sites\/2\/2021\/10\/magic-mountain-kletterhale-header-020-1536x240.jpg 1536w, https:\/\/www.magicmountain.de\/en\/wp-content\/uploads\/sites\/2\/2021\/10\/magic-mountain-kletterhale-header-020-600x94.jpg 600w, https:\/\/www.magicmountain.de\/en\/wp-content\/uploads\/sites\/2\/2021\/10\/magic-mountain-kletterhale-header-020.jpg 1920w\" sizes=\"auto, (max-width: 1024px) 100vw, 1024px\" \/><\/figure>\n\n\n\n<h3 class=\"has-text-align-center is-style-uppercase is-style-area-headline wp-block-heading\" id=\"toprope\">Our Training Courses<\/h3>\n\n\n\n<p>Unsere Technikkurse bieten dir praktische Tipps und Anleitungen \u00fcber alle trainierbaren Bereiche des Klettersports. Dazu z\u00e4hlen Technik, Taktik, Mentale Power und Kraftausdauer. Sie sind sowohl f\u00fcr Kletteranf\u00e4nger*innen als auch f\u00fcr Fortgeschrittene Kletterer*innen geeignet, sowohl f\u00fcr den Toprope als auch f\u00fcr den Vorstieg. Jeder themenspezifische Kurs findet ca. einmal im Monat Dienstagabend f\u00fcr 2,5 Stunden statt. So kannst du Woche f\u00fcr Woche an all deinen Kletterskills arbeiten. <\/p>\n\n\n\n<script id=\"drp-script\" src=\"https:\/\/www.dr-plano.com\/de\/static\/booking-plugin\/code.js\" data-backend-url=\"https:\/\/backend.dr-plano.com\" data-id=\"28872672\" data-frontend-url=\"https:\/\/www.dr-plano.com\/de\"><\/script>\n<div id=\"drp-booking\" class=\"drp-show-only-technictraining\" data-hide-date-of-birth=\"true\" data-hide-wants-newsletter=\"true\"><\/div>\n\n<style>\n.drp-course-list-item-in-den-naechsten-klettergrad .drp-course-list-item-image {\n\tbackground-image: url('https:\/\/www.magicmountain.de\/wp-content\/uploads\/2022\/09\/255x167px-buttons-technikkurse-v022.jpg') !important;\n}\n\n.drp-course-list-item-dicke-arme .drp-course-list-item-image {\n\tbackground-image: url('https:\/\/www.magicmountain.de\/wp-content\/uploads\/2022\/09\/255x167px-buttons-technikkurse-v02-1.jpg') !important;\n}\n\n.drp-course-list-item-trau-dich .drp-course-list-item-image {\n\tbackground-image: url('https:\/\/www.magicmountain.de\/wp-content\/uploads\/2022\/09\/255x167px-buttons-technikkurse-v026.jpg') !important;\n}\n\n.drp-course-list-item-technik-fuer-fortgeschrittene .drp-course-list-item-image {\n\tbackground-image: url('https:\/\/www.magicmountain.de\/wp-content\/uploads\/2022\/09\/255x167px-buttons-technikkurse-v025.jpg') !important;\n}\n\n.drp-course-list-item-technik-fuer-kletteranfaenger .drp-course-list-item-image {\n\tbackground-image: url('https:\/\/www.magicmountain.de\/wp-content\/uploads\/2022\/09\/255x167px-buttons-technikkurse-v023.jpg') !important;\n}\n\n.drp-course-list-item-techniktraining .drp-course-list-item-image {\n\tbackground-image: url('https:\/\/www.magicmountain.de\/wp-content\/uploads\/2022\/09\/255x167px-buttons-technikkurse-v024.jpg') !important;\n}\n<\/style>\n","protected":false},"excerpt":{"rendered":"<p>Our Training Courses Unsere Technikkurse bieten dir praktische Tipps und Anleitungen \u00fcber alle trainierbaren Bereiche des Klettersports. Dazu z\u00e4hlen Technik, Taktik, Mentale Power und Kraftausdauer. Sie sind sowohl f\u00fcr Kletteranf\u00e4nger*innen&#8230;<\/p>\n","protected":false},"author":2,"featured_media":0,"parent":14560,"menu_order":5000,"comment_status":"closed","ping_status":"closed","template":"","meta":{"_acf_changed":false,"footnotes":""},"class_list":["post-15730","page","type-page","status-publish","hentry"],"acf":[],"yoast_head":"<!-- This site is optimized with the Yoast SEO plugin v27.5 - https:\/\/yoast.com\/product\/yoast-seo-wordpress\/ -->\n<title>Booking Technique Training - EN Magic Mountain<\/title>\n<meta name=\"robots\" content=\"index, follow, max-snippet:-1, max-image-preview:large, max-video-preview:-1\" \/>\n<link rel=\"canonical\" href=\"https:\/\/www.magicmountain.de\/en\/climbing\/adults\/booking-technique-training\/\" \/>\n<meta property=\"og:locale\" content=\"en_US\" \/>\n<meta property=\"og:type\" content=\"article\" \/>\n<meta property=\"og:title\" content=\"Booking Technique Training - EN Magic Mountain\" \/>\n<meta property=\"og:description\" content=\"Our Training Courses Unsere Technikkurse bieten dir praktische Tipps und Anleitungen \u00fcber alle trainierbaren Bereiche des Klettersports. Dazu z\u00e4hlen Technik, Taktik, Mentale Power und Kraftausdauer. Sie sind sowohl f\u00fcr Kletteranf\u00e4nger*innen...\" \/>\n<meta property=\"og:url\" content=\"https:\/\/www.magicmountain.de\/en\/climbing\/adults\/booking-technique-training\/\" \/>\n<meta property=\"og:site_name\" content=\"EN Magic Mountain\" \/>\n<meta property=\"article:modified_time\" content=\"2023-02-02T10:52:46+00:00\" \/>\n<meta property=\"og:image\" content=\"https:\/\/www.magicmountain.de\/en\/wp-content\/uploads\/sites\/2\/2021\/10\/magic-mountain-kletterhale-header-020-1024x160.jpg\" \/>\n<meta name=\"twitter:card\" content=\"summary_large_image\" \/>\n<meta name=\"twitter:label1\" content=\"Est. reading time\" \/>\n\t<meta name=\"twitter:data1\" content=\"1 minute\" \/>\n<script type=\"application\/ld+json\" class=\"yoast-schema-graph\">{\"@context\":\"https:\\\/\\\/schema.org\",\"@graph\":[{\"@type\":\"WebPage\",\"@id\":\"https:\\\/\\\/www.magicmountain.de\\\/en\\\/climbing\\\/adults\\\/booking-technique-training\\\/\",\"url\":\"https:\\\/\\\/www.magicmountain.de\\\/en\\\/climbing\\\/adults\\\/booking-technique-training\\\/\",\"name\":\"Booking Technique Training - EN Magic Mountain\",\"isPartOf\":{\"@id\":\"https:\\\/\\\/www.magicmountain.de\\\/en\\\/#website\"},\"primaryImageOfPage\":{\"@id\":\"https:\\\/\\\/www.magicmountain.de\\\/en\\\/climbing\\\/adults\\\/booking-technique-training\\\/#primaryimage\"},\"image\":{\"@id\":\"https:\\\/\\\/www.magicmountain.de\\\/en\\\/climbing\\\/adults\\\/booking-technique-training\\\/#primaryimage\"},\"thumbnailUrl\":\"https:\\\/\\\/www.magicmountain.de\\\/en\\\/wp-content\\\/uploads\\\/sites\\\/2\\\/2021\\\/10\\\/magic-mountain-kletterhale-header-020-1024x160.jpg\",\"datePublished\":\"2022-05-02T10:08:50+00:00\",\"dateModified\":\"2023-02-02T10:52:46+00:00\",\"breadcrumb\":{\"@id\":\"https:\\\/\\\/www.magicmountain.de\\\/en\\\/climbing\\\/adults\\\/booking-technique-training\\\/#breadcrumb\"},\"inLanguage\":\"en-US\",\"potentialAction\":[{\"@type\":\"ReadAction\",\"target\":[\"https:\\\/\\\/www.magicmountain.de\\\/en\\\/climbing\\\/adults\\\/booking-technique-training\\\/\"]}]},{\"@type\":\"ImageObject\",\"inLanguage\":\"en-US\",\"@id\":\"https:\\\/\\\/www.magicmountain.de\\\/en\\\/climbing\\\/adults\\\/booking-technique-training\\\/#primaryimage\",\"url\":\"https:\\\/\\\/www.magicmountain.de\\\/en\\\/wp-content\\\/uploads\\\/sites\\\/2\\\/2021\\\/10\\\/magic-mountain-kletterhale-header-020.jpg\",\"contentUrl\":\"https:\\\/\\\/www.magicmountain.de\\\/en\\\/wp-content\\\/uploads\\\/sites\\\/2\\\/2021\\\/10\\\/magic-mountain-kletterhale-header-020.jpg\",\"width\":1920,\"height\":300,\"caption\":\"Climbing Center Magic Mountain - Climbing, Bouldering, Indoor and Outdoor Climbing in Berlin\"},{\"@type\":\"BreadcrumbList\",\"@id\":\"https:\\\/\\\/www.magicmountain.de\\\/en\\\/climbing\\\/adults\\\/booking-technique-training\\\/#breadcrumb\",\"itemListElement\":[{\"@type\":\"ListItem\",\"position\":1,\"name\":\"Startseite\",\"item\":\"https:\\\/\\\/www.magicmountain.de\\\/en\\\/\"},{\"@type\":\"ListItem\",\"position\":2,\"name\":\"Climbing &#038; Courses\",\"item\":\"https:\\\/\\\/www.magicmountain.de\\\/en\\\/climbing\\\/\"},{\"@type\":\"ListItem\",\"position\":3,\"name\":\"Adults\",\"item\":\"https:\\\/\\\/www.magicmountain.de\\\/en\\\/climbing\\\/adults\\\/\"},{\"@type\":\"ListItem\",\"position\":4,\"name\":\"Booking Technique Training\"}]},{\"@type\":\"WebSite\",\"@id\":\"https:\\\/\\\/www.magicmountain.de\\\/en\\\/#website\",\"url\":\"https:\\\/\\\/www.magicmountain.de\\\/en\\\/\",\"name\":\"EN Magic Mountain\",\"description\":\"\",\"potentialAction\":[{\"@type\":\"SearchAction\",\"target\":{\"@type\":\"EntryPoint\",\"urlTemplate\":\"https:\\\/\\\/www.magicmountain.de\\\/en\\\/?s={search_term_string}\"},\"query-input\":{\"@type\":\"PropertyValueSpecification\",\"valueRequired\":true,\"valueName\":\"search_term_string\"}}],\"inLanguage\":\"en-US\"}]}<\/script>\n<!-- \/ Yoast SEO plugin. -->","yoast_head_json":{"title":"Booking Technique Training - EN Magic Mountain","robots":{"index":"index","follow":"follow","max-snippet":"max-snippet:-1","max-image-preview":"max-image-preview:large","max-video-preview":"max-video-preview:-1"},"canonical":"https:\/\/www.magicmountain.de\/en\/climbing\/adults\/booking-technique-training\/","og_locale":"en_US","og_type":"article","og_title":"Booking Technique Training - EN Magic Mountain","og_description":"Our Training Courses Unsere Technikkurse bieten dir praktische Tipps und Anleitungen \u00fcber alle trainierbaren Bereiche des Klettersports. Dazu z\u00e4hlen Technik, Taktik, Mentale Power und Kraftausdauer. Sie sind sowohl f\u00fcr Kletteranf\u00e4nger*innen...","og_url":"https:\/\/www.magicmountain.de\/en\/climbing\/adults\/booking-technique-training\/","og_site_name":"EN Magic Mountain","article_modified_time":"2023-02-02T10:52:46+00:00","og_image":[{"url":"https:\/\/www.magicmountain.de\/en\/wp-content\/uploads\/sites\/2\/2021\/10\/magic-mountain-kletterhale-header-020-1024x160.jpg","type":"","width":"","height":""}],"twitter_card":"summary_large_image","twitter_misc":{"Est. reading time":"1 minute"},"schema":{"@context":"https:\/\/schema.org","@graph":[{"@type":"WebPage","@id":"https:\/\/www.magicmountain.de\/en\/climbing\/adults\/booking-technique-training\/","url":"https:\/\/www.magicmountain.de\/en\/climbing\/adults\/booking-technique-training\/","name":"Booking Technique Training - EN Magic Mountain","isPartOf":{"@id":"https:\/\/www.magicmountain.de\/en\/#website"},"primaryImageOfPage":{"@id":"https:\/\/www.magicmountain.de\/en\/climbing\/adults\/booking-technique-training\/#primaryimage"},"image":{"@id":"https:\/\/www.magicmountain.de\/en\/climbing\/adults\/booking-technique-training\/#primaryimage"},"thumbnailUrl":"https:\/\/www.magicmountain.de\/en\/wp-content\/uploads\/sites\/2\/2021\/10\/magic-mountain-kletterhale-header-020-1024x160.jpg","datePublished":"2022-05-02T10:08:50+00:00","dateModified":"2023-02-02T10:52:46+00:00","breadcrumb":{"@id":"https:\/\/www.magicmountain.de\/en\/climbing\/adults\/booking-technique-training\/#breadcrumb"},"inLanguage":"en-US","potentialAction":[{"@type":"ReadAction","target":["https:\/\/www.magicmountain.de\/en\/climbing\/adults\/booking-technique-training\/"]}]},{"@type":"ImageObject","inLanguage":"en-US","@id":"https:\/\/www.magicmountain.de\/en\/climbing\/adults\/booking-technique-training\/#primaryimage","url":"https:\/\/www.magicmountain.de\/en\/wp-content\/uploads\/sites\/2\/2021\/10\/magic-mountain-kletterhale-header-020.jpg","contentUrl":"https:\/\/www.magicmountain.de\/en\/wp-content\/uploads\/sites\/2\/2021\/10\/magic-mountain-kletterhale-header-020.jpg","width":1920,"height":300,"caption":"Climbing Center Magic Mountain - Climbing, Bouldering, Indoor and Outdoor Climbing in Berlin"},{"@type":"BreadcrumbList","@id":"https:\/\/www.magicmountain.de\/en\/climbing\/adults\/booking-technique-training\/#breadcrumb","itemListElement":[{"@type":"ListItem","position":1,"name":"Startseite","item":"https:\/\/www.magicmountain.de\/en\/"},{"@type":"ListItem","position":2,"name":"Climbing &#038; Courses","item":"https:\/\/www.magicmountain.de\/en\/climbing\/"},{"@type":"ListItem","position":3,"name":"Adults","item":"https:\/\/www.magicmountain.de\/en\/climbing\/adults\/"},{"@type":"ListItem","position":4,"name":"Booking Technique Training"}]},{"@type":"WebSite","@id":"https:\/\/www.magicmountain.de\/en\/#website","url":"https:\/\/www.magicmountain.de\/en\/","name":"EN Magic Mountain","description":"","potentialAction":[{"@type":"SearchAction","target":{"@type":"EntryPoint","urlTemplate":"https:\/\/www.magicmountain.de\/en\/?s={search_term_string}"},"query-input":{"@type":"PropertyValueSpecification","valueRequired":true,"valueName":"search_term_string"}}],"inLanguage":"en-US"}]}},"_links":{"self":[{"href":"https:\/\/www.magicmountain.de\/en\/wp-json\/wp\/v2\/pages\/15730","targetHints":{"allow":["GET"]}}],"collection":[{"href":"https:\/\/www.magicmountain.de\/en\/wp-json\/wp\/v2\/pages"}],"about":[{"href":"https:\/\/www.magicmountain.de\/en\/wp-json\/wp\/v2\/types\/page"}],"author":[{"embeddable":true,"href":"https:\/\/www.magicmountain.de\/en\/wp-json\/wp\/v2\/users\/2"}],"replies":[{"embeddable":true,"href":"https:\/\/www.magicmountain.de\/en\/wp-json\/wp\/v2\/comments?post=15730"}],"version-history":[{"count":7,"href":"https:\/\/www.magicmountain.de\/en\/wp-json\/wp\/v2\/pages\/15730\/revisions"}],"predecessor-version":[{"id":16248,"href":"https:\/\/www.magicmountain.de\/en\/wp-json\/wp\/v2\/pages\/15730\/revisions\/16248"}],"up":[{"embeddable":true,"href":"https:\/\/www.magicmountain.de\/en\/wp-json\/wp\/v2\/pages\/14560"}],"wp:attachment":[{"href":"https:\/\/www.magicmountain.de\/en\/wp-json\/wp\/v2\/media?parent=15730"}],"curies":[{"name":"wp","href":"https:\/\/api.w.org\/{rel}","templated":true}]}}